{"id":83,"date":"2024-04-29T21:56:32","date_gmt":"2024-04-29T19:56:32","guid":{"rendered":"https:\/\/www.egenbar.se\/?page_id=83"},"modified":"2024-05-04T13:40:34","modified_gmt":"2024-05-04T11:40:34","slug":"forfesten","status":"publish","type":"page","link":"https:\/\/www.egenbar.se\/index.php\/forfesten\/","title":{"rendered":"G\u00d6R F\u00d6RFESTEN TILL N\u00c5GOT SPECIELLT &#8211; HYR IN EN BARTENDER!"},"content":{"rendered":"\n<h2 class=\"wp-block-heading has-text-align-center\">G\u00d6R F\u00d6RFESTEN TILL N\u00c5GOT SPECIELLT &#8211; HYR EN BARTENDER!<\/h2>\n\n\n\n<figure class=\"wp-block-image aligncenter size-full\"><img decoding=\"async\" width=\"50\" height=\"35\" src=\"https:\/\/www.egenbar.se\/wp-content\/uploads\/2024\/04\/avdelare.png\" alt=\"\" class=\"wp-image-47\"\/><\/figure>\n\n\n\n<figure class=\"wp-block-image aligncenter size-large is-resized\"><img fetchpriority=\"high\" decoding=\"async\" width=\"768\" height=\"1024\" src=\"https:\/\/www.egenbar.se\/wp-content\/uploads\/2024\/04\/IMG_20211124_183240_Bokeh-768x1024.jpg\" alt=\"\" class=\"wp-image-86\" style=\"width:763px\" srcset=\"https:\/\/www.egenbar.se\/wp-content\/uploads\/2024\/04\/IMG_20211124_183240_Bokeh-768x1024.jpg 768w, https:\/\/www.egenbar.se\/wp-content\/uploads\/2024\/04\/IMG_20211124_183240_Bokeh-225x300.jpg 225w, https:\/\/www.egenbar.se\/wp-content\/uploads\/2024\/04\/IMG_20211124_183240_Bokeh-1152x1536.jpg 1152w, https:\/\/www.egenbar.se\/wp-content\/uploads\/2024\/04\/IMG_20211124_183240_Bokeh-1536x2048.jpg 1536w, https:\/\/www.egenbar.se\/wp-content\/uploads\/2024\/04\/IMG_20211124_183240_Bokeh-scaled.jpg 1920w\" sizes=\"(max-width: 768px) 100vw, 768px\" \/><\/figure>\n\n\n\n<p>\u00c4r ni ett g\u00e4ng kompisar som vill l\u00e4ra er blanda n\u00e5gra drinkar eller bara vill ha en bartender n\u00e5gra<br>timmar p\u00e5 er fest? Kontakta oss f\u00f6r mer information!<\/p>\n","protected":false},"excerpt":{"rendered":"<p> [&hellip;]<\/p>\n","protected":false},"author":1,"featured_media":0,"parent":0,"menu_order":0,"comment_status":"closed","ping_status":"closed","template":"","meta":{"inline_featured_image":false,"footnotes":""},"class_list":["post-83","page","type-page","status-publish","hentry"],"_links":{"self":[{"href":"https:\/\/www.egenbar.se\/index.php\/wp-json\/wp\/v2\/pages\/83","targetHints":{"allow":["GET"]}}],"collection":[{"href":"https:\/\/www.egenbar.se\/index.php\/wp-json\/wp\/v2\/pages"}],"about":[{"href":"https:\/\/www.egenbar.se\/index.php\/wp-json\/wp\/v2\/types\/page"}],"author":[{"embeddable":true,"href":"https:\/\/www.egenbar.se\/index.php\/wp-json\/wp\/v2\/users\/1"}],"replies":[{"embeddable":true,"href":"https:\/\/www.egenbar.se\/index.php\/wp-json\/wp\/v2\/comments?post=83"}],"version-history":[{"count":8,"href":"https:\/\/www.egenbar.se\/index.php\/wp-json\/wp\/v2\/pages\/83\/revisions"}],"predecessor-version":[{"id":144,"href":"https:\/\/www.egenbar.se\/index.php\/wp-json\/wp\/v2\/pages\/83\/revisions\/144"}],"wp:attachment":[{"href":"https:\/\/www.egenbar.se\/index.php\/wp-json\/wp\/v2\/media?parent=83"}],"curies":[{"name":"wp","href":"https:\/\/api.w.org\/{rel}","templated":true}]}}